{"id":4024,"date":"2023-07-07T21:33:05","date_gmt":"2023-07-07T19:33:05","guid":{"rendered":"http:\/\/www.fotofreunde-wertheim.de\/wp\/?page_id=4024"},"modified":"2024-01-30T14:26:38","modified_gmt":"2024-01-30T12:26:38","slug":"quartalswettbewerb-i-2023-lost-places-freies-thema","status":"publish","type":"page","link":"https:\/\/www.fotofreunde-wertheim.de\/wp\/quartalswettbewerbe\/quartalswettbewerb-i-2023-lost-places-freies-thema\/","title":{"rendered":"Quartalswettbewerb I\/2023 \u201eLost Places\u201c &#038; freies Thema"},"content":{"rendered":"\n<h2 class=\"wp-block-heading\">Vergessene Orte in den Fokus genommen<\/h2>\n\n\n\n<p>F\u00fcr den ersten Clubwettbewerb in diesem Jahr begaben sich die Fotofreunde Wertheim an vergessene Orte, sogenannte Lost Places.<\/p>\n<p>Hierzu wurden 40 Aufnahmen eingereicht.<span style=\"font-size: inherit;\">Florian D\u00fcmig errang den ersten Platz, Walter H\u00f6rnig, Helmut Lippert und Werner Scheuermann landeten auf dem zweiten Platz.<\/span><\/p>\n<p>Der dritte Platz ging wiederum an Walter H\u00f6rnig, der sich diesen mit J\u00fcrgen Schreck teilte.<\/p>\n<p>Zum parallel ausgeschriebenen freien Thema konnten 45 Aufnahmen juriert werden. Die drei ersten Pl\u00e4tze belegte J\u00fcrgen Schreck, wobei er sich den zweiten Platz mit Helmut Lippert teilte.<\/p>\n<p>Den umk\u00e4mpften dritten Platz errangen neben J\u00fcrgen Schreck und Helmut Lippert auch Walter H\u00f6rnig und Hubertus Heneka.<\/p>\n<p>In diesem Jahr wurde bei den Fotofreunden neu eingef\u00fchrt, nach dem Wettbewerb die eingereichten Aufnahmen beim n\u00e4chsten Clubabend zu besprechen. Gerne begr\u00fc\u00dfen die Fotofreunde am 6. April dazu auch interessierte G\u00e4ste in ihren Clubr\u00e4umen.<\/p>\n\n\n\n<figure class=\"wp-block-gallery has-nested-images columns-default is-cropped wp-block-gallery-1 is-layout-flex wp-block-gallery-is-layout-flex\">\n<figure class=\"wp-block-image size-large\"><a href=\"https:\/\/www.fotofreunde-wertheim.de\/wp\/?attachment_id=4025\"><img loading=\"lazy\" decoding=\"async\" width=\"1024\" height=\"684\" data-id=\"4025\" src=\"https:\/\/www.fotofreunde-wertheim.de\/wp\/wp-content\/uploads\/2023\/07\/2023-q1t-1-duemig-1024x684.jpg\" alt=\"\" class=\"wp-image-4025\" srcset=\"https:\/\/www.fotofreunde-wertheim.de\/wp\/wp-content\/uploads\/2023\/07\/2023-q1t-1-duemig-1024x684.jpg 1024w, https:\/\/www.fotofreunde-wertheim.de\/wp\/wp-content\/uploads\/2023\/07\/2023-q1t-1-duemig-300x200.jpg 300w, https:\/\/www.fotofreunde-wertheim.de\/wp\/wp-content\/uploads\/2023\/07\/2023-q1t-1-duemig-768x513.jpg 768w, https:\/\/www.fotofreunde-wertheim.de\/wp\/wp-content\/uploads\/2023\/07\/2023-q1t-1-duemig-1536x1026.jpg 1536w, https:\/\/www.fotofreunde-wertheim.de\/wp\/wp-content\/uploads\/2023\/07\/2023-q1t-1-duemig-2048x1367.jpg 2048w, https:\/\/www.fotofreunde-wertheim.de\/wp\/wp-content\/uploads\/2023\/07\/2023-q1t-1-duemig-676x451.jpg 676w\" sizes=\"auto, (max-width: 1024px) 100vw, 1024px\" \/><\/a><figcaption class=\"wp-element-caption\">Platz 1 &#8211; Florian D\u00fcmig<\/figcaption><\/figure>\n\n\n\n<figure class=\"wp-block-image size-large\"><a href=\"https:\/\/www.fotofreunde-wertheim.de\/wp\/?attachment_id=4026\"><img loading=\"lazy\" decoding=\"async\" width=\"683\" height=\"1024\" data-id=\"4026\" src=\"https:\/\/www.fotofreunde-wertheim.de\/wp\/wp-content\/uploads\/2023\/07\/2023-q1t-2-hoernig-683x1024.jpg\" alt=\"\" class=\"wp-image-4026\" srcset=\"https:\/\/www.fotofreunde-wertheim.de\/wp\/wp-content\/uploads\/2023\/07\/2023-q1t-2-hoernig-683x1024.jpg 683w, https:\/\/www.fotofreunde-wertheim.de\/wp\/wp-content\/uploads\/2023\/07\/2023-q1t-2-hoernig-200x300.jpg 200w, https:\/\/www.fotofreunde-wertheim.de\/wp\/wp-content\/uploads\/2023\/07\/2023-q1t-2-hoernig-768x1152.jpg 768w, https:\/\/www.fotofreunde-wertheim.de\/wp\/wp-content\/uploads\/2023\/07\/2023-q1t-2-hoernig-1024x1536.jpg 1024w, https:\/\/www.fotofreunde-wertheim.de\/wp\/wp-content\/uploads\/2023\/07\/2023-q1t-2-hoernig-1366x2048.jpg 1366w, https:\/\/www.fotofreunde-wertheim.de\/wp\/wp-content\/uploads\/2023\/07\/2023-q1t-2-hoernig-676x1014.jpg 676w, https:\/\/www.fotofreunde-wertheim.de\/wp\/wp-content\/uploads\/2023\/07\/2023-q1t-2-hoernig.jpg 1575w\" sizes=\"auto, (max-width: 683px) 100vw, 683px\" \/><\/a><figcaption class=\"wp-element-caption\">Platz 2 &#8211; Walter Hoernig<\/figcaption><\/figure>\n\n\n\n<figure class=\"wp-block-image size-large\"><a href=\"https:\/\/www.fotofreunde-wertheim.de\/wp\/?attachment_id=4027\"><img loading=\"lazy\" decoding=\"async\" width=\"720\" height=\"1024\" data-id=\"4027\" src=\"https:\/\/www.fotofreunde-wertheim.de\/wp\/wp-content\/uploads\/2023\/07\/2023-q1t-2-lippert-720x1024.jpg\" alt=\"\" class=\"wp-image-4027\" srcset=\"https:\/\/www.fotofreunde-wertheim.de\/wp\/wp-content\/uploads\/2023\/07\/2023-q1t-2-lippert-720x1024.jpg 720w, https:\/\/www.fotofreunde-wertheim.de\/wp\/wp-content\/uploads\/2023\/07\/2023-q1t-2-lippert-211x300.jpg 211w, https:\/\/www.fotofreunde-wertheim.de\/wp\/wp-content\/uploads\/2023\/07\/2023-q1t-2-lippert-768x1093.jpg 768w, https:\/\/www.fotofreunde-wertheim.de\/wp\/wp-content\/uploads\/2023\/07\/2023-q1t-2-lippert-1079x1536.jpg 1079w, https:\/\/www.fotofreunde-wertheim.de\/wp\/wp-content\/uploads\/2023\/07\/2023-q1t-2-lippert-1439x2048.jpg 1439w, https:\/\/www.fotofreunde-wertheim.de\/wp\/wp-content\/uploads\/2023\/07\/2023-q1t-2-lippert-676x962.jpg 676w, https:\/\/www.fotofreunde-wertheim.de\/wp\/wp-content\/uploads\/2023\/07\/2023-q1t-2-lippert.jpg 1660w\" sizes=\"auto, (max-width: 720px) 100vw, 720px\" \/><\/a><figcaption class=\"wp-element-caption\">Platz 2 &#8211; Helmut Lippert<\/figcaption><\/figure>\n\n\n\n<figure class=\"wp-block-image size-large\"><a href=\"https:\/\/www.fotofreunde-wertheim.de\/wp\/?attachment_id=4028\"><img loading=\"lazy\" decoding=\"async\" width=\"1024\" height=\"683\" data-id=\"4028\" src=\"https:\/\/www.fotofreunde-wertheim.de\/wp\/wp-content\/uploads\/2023\/07\/2023-q1t-2-scheuermann-1024x683.jpg\" alt=\"\" class=\"wp-image-4028\" srcset=\"https:\/\/www.fotofreunde-wertheim.de\/wp\/wp-content\/uploads\/2023\/07\/2023-q1t-2-scheuermann-1024x683.jpg 1024w, https:\/\/www.fotofreunde-wertheim.de\/wp\/wp-content\/uploads\/2023\/07\/2023-q1t-2-scheuermann-300x200.jpg 300w, https:\/\/www.fotofreunde-wertheim.de\/wp\/wp-content\/uploads\/2023\/07\/2023-q1t-2-scheuermann-768x512.jpg 768w, https:\/\/www.fotofreunde-wertheim.de\/wp\/wp-content\/uploads\/2023\/07\/2023-q1t-2-scheuermann-1536x1024.jpg 1536w, https:\/\/www.fotofreunde-wertheim.de\/wp\/wp-content\/uploads\/2023\/07\/2023-q1t-2-scheuermann-2048x1366.jpg 2048w, https:\/\/www.fotofreunde-wertheim.de\/wp\/wp-content\/uploads\/2023\/07\/2023-q1t-2-scheuermann-676x451.jpg 676w\" sizes=\"auto, (max-width: 1024px) 100vw, 1024px\" \/><\/a><figcaption class=\"wp-element-caption\">Platz 2 &#8211; Werner Scheuermann<\/figcaption><\/figure>\n\n\n\n<figure class=\"wp-block-image size-large\"><a href=\"https:\/\/www.fotofreunde-wertheim.de\/wp\/?attachment_id=4029\"><img loading=\"lazy\" decoding=\"async\" width=\"1024\" height=\"683\" data-id=\"4029\" src=\"https:\/\/www.fotofreunde-wertheim.de\/wp\/wp-content\/uploads\/2023\/07\/2023-q1t-3a-schreck-1024x683.jpg\" alt=\"\" class=\"wp-image-4029\" srcset=\"https:\/\/www.fotofreunde-wertheim.de\/wp\/wp-content\/uploads\/2023\/07\/2023-q1t-3a-schreck-1024x683.jpg 1024w, https:\/\/www.fotofreunde-wertheim.de\/wp\/wp-content\/uploads\/2023\/07\/2023-q1t-3a-schreck-300x200.jpg 300w, https:\/\/www.fotofreunde-wertheim.de\/wp\/wp-content\/uploads\/2023\/07\/2023-q1t-3a-schreck-768x512.jpg 768w, https:\/\/www.fotofreunde-wertheim.de\/wp\/wp-content\/uploads\/2023\/07\/2023-q1t-3a-schreck-1536x1024.jpg 1536w, https:\/\/www.fotofreunde-wertheim.de\/wp\/wp-content\/uploads\/2023\/07\/2023-q1t-3a-schreck-2048x1366.jpg 2048w, https:\/\/www.fotofreunde-wertheim.de\/wp\/wp-content\/uploads\/2023\/07\/2023-q1t-3a-schreck-676x451.jpg 676w\" sizes=\"auto, (max-width: 1024px) 100vw, 1024px\" \/><\/a><figcaption class=\"wp-element-caption\">Platz 3 &#8211; J\u00fcrgen Schreck<\/figcaption><\/figure>\n\n\n\n<figure class=\"wp-block-image size-large\"><a href=\"https:\/\/www.fotofreunde-wertheim.de\/wp\/?attachment_id=4030\"><img loading=\"lazy\" decoding=\"async\" width=\"1024\" height=\"768\" data-id=\"4030\" src=\"https:\/\/www.fotofreunde-wertheim.de\/wp\/wp-content\/uploads\/2023\/07\/2023-q1t-3b-schreck-1024x768.jpg\" alt=\"\" class=\"wp-image-4030\" srcset=\"https:\/\/www.fotofreunde-wertheim.de\/wp\/wp-content\/uploads\/2023\/07\/2023-q1t-3b-schreck-1024x768.jpg 1024w, https:\/\/www.fotofreunde-wertheim.de\/wp\/wp-content\/uploads\/2023\/07\/2023-q1t-3b-schreck-300x225.jpg 300w, https:\/\/www.fotofreunde-wertheim.de\/wp\/wp-content\/uploads\/2023\/07\/2023-q1t-3b-schreck-768x576.jpg 768w, https:\/\/www.fotofreunde-wertheim.de\/wp\/wp-content\/uploads\/2023\/07\/2023-q1t-3b-schreck-1536x1152.jpg 1536w, https:\/\/www.fotofreunde-wertheim.de\/wp\/wp-content\/uploads\/2023\/07\/2023-q1t-3b-schreck-2048x1536.jpg 2048w, https:\/\/www.fotofreunde-wertheim.de\/wp\/wp-content\/uploads\/2023\/07\/2023-q1t-3b-schreck-676x507.jpg 676w\" sizes=\"auto, (max-width: 1024px) 100vw, 1024px\" \/><\/a><figcaption class=\"wp-element-caption\">Platz 3 &#8211; J\u00fcrgen Schreck<\/figcaption><\/figure>\n\n\n\n<figure class=\"wp-block-image size-large\"><a href=\"https:\/\/www.fotofreunde-wertheim.de\/wp\/?attachment_id=4031\"><img loading=\"lazy\" decoding=\"async\" width=\"1024\" height=\"682\" data-id=\"4031\" src=\"https:\/\/www.fotofreunde-wertheim.de\/wp\/wp-content\/uploads\/2023\/07\/2023-q1t-3-hoernig-1024x682.jpg\" alt=\"\" class=\"wp-image-4031\" srcset=\"https:\/\/www.fotofreunde-wertheim.de\/wp\/wp-content\/uploads\/2023\/07\/2023-q1t-3-hoernig-1024x682.jpg 1024w, https:\/\/www.fotofreunde-wertheim.de\/wp\/wp-content\/uploads\/2023\/07\/2023-q1t-3-hoernig-300x200.jpg 300w, https:\/\/www.fotofreunde-wertheim.de\/wp\/wp-content\/uploads\/2023\/07\/2023-q1t-3-hoernig-768x511.jpg 768w, https:\/\/www.fotofreunde-wertheim.de\/wp\/wp-content\/uploads\/2023\/07\/2023-q1t-3-hoernig-1536x1022.jpg 1536w, https:\/\/www.fotofreunde-wertheim.de\/wp\/wp-content\/uploads\/2023\/07\/2023-q1t-3-hoernig-2048x1363.jpg 2048w, https:\/\/www.fotofreunde-wertheim.de\/wp\/wp-content\/uploads\/2023\/07\/2023-q1t-3-hoernig-676x450.jpg 676w\" sizes=\"auto, (max-width: 1024px) 100vw, 1024px\" \/><\/a><figcaption class=\"wp-element-caption\">Platz 3 &#8211; Walter Hoernig<\/figcaption><\/figure>\n<\/figure>\n\n\n\n<h2 class=\"wp-block-heading\">Freies Thema<\/h2>\n\n\n\n<figure class=\"wp-block-gallery has-nested-images columns-default is-cropped wp-block-gallery-2 is-layout-flex wp-block-gallery-is-layout-flex\">\n<figure class=\"wp-block-image size-large\"><a href=\"https:\/\/www.fotofreunde-wertheim.de\/wp\/?attachment_id=4032\"><img loading=\"lazy\" decoding=\"async\" width=\"1024\" height=\"683\" data-id=\"4032\" src=\"https:\/\/www.fotofreunde-wertheim.de\/wp\/wp-content\/uploads\/2023\/07\/2023-q1f-1-schreck-1024x683.jpg\" alt=\"\" class=\"wp-image-4032\" srcset=\"https:\/\/www.fotofreunde-wertheim.de\/wp\/wp-content\/uploads\/2023\/07\/2023-q1f-1-schreck-1024x683.jpg 1024w, https:\/\/www.fotofreunde-wertheim.de\/wp\/wp-content\/uploads\/2023\/07\/2023-q1f-1-schreck-300x200.jpg 300w, https:\/\/www.fotofreunde-wertheim.de\/wp\/wp-content\/uploads\/2023\/07\/2023-q1f-1-schreck-768x512.jpg 768w, https:\/\/www.fotofreunde-wertheim.de\/wp\/wp-content\/uploads\/2023\/07\/2023-q1f-1-schreck-1536x1025.jpg 1536w, https:\/\/www.fotofreunde-wertheim.de\/wp\/wp-content\/uploads\/2023\/07\/2023-q1f-1-schreck-676x451.jpg 676w, https:\/\/www.fotofreunde-wertheim.de\/wp\/wp-content\/uploads\/2023\/07\/2023-q1f-1-schreck.jpg 1920w\" sizes=\"auto, (max-width: 1024px) 100vw, 1024px\" \/><\/a><figcaption class=\"wp-element-caption\">Platz 1 &#8211; J\u00fcrgen Schreck<\/figcaption><\/figure>\n\n\n\n<figure class=\"wp-block-image size-large\"><a href=\"https:\/\/www.fotofreunde-wertheim.de\/wp\/?attachment_id=4033\"><img loading=\"lazy\" decoding=\"async\" width=\"1024\" height=\"715\" data-id=\"4033\" src=\"https:\/\/www.fotofreunde-wertheim.de\/wp\/wp-content\/uploads\/2023\/07\/2023-q1f-2-lippert-1024x715.jpg\" alt=\"\" class=\"wp-image-4033\" srcset=\"https:\/\/www.fotofreunde-wertheim.de\/wp\/wp-content\/uploads\/2023\/07\/2023-q1f-2-lippert-1024x715.jpg 1024w, https:\/\/www.fotofreunde-wertheim.de\/wp\/wp-content\/uploads\/2023\/07\/2023-q1f-2-lippert-300x210.jpg 300w, https:\/\/www.fotofreunde-wertheim.de\/wp\/wp-content\/uploads\/2023\/07\/2023-q1f-2-lippert-768x536.jpg 768w, https:\/\/www.fotofreunde-wertheim.de\/wp\/wp-content\/uploads\/2023\/07\/2023-q1f-2-lippert-1536x1073.jpg 1536w, https:\/\/www.fotofreunde-wertheim.de\/wp\/wp-content\/uploads\/2023\/07\/2023-q1f-2-lippert-2048x1431.jpg 2048w, https:\/\/www.fotofreunde-wertheim.de\/wp\/wp-content\/uploads\/2023\/07\/2023-q1f-2-lippert-676x472.jpg 676w\" sizes=\"auto, (max-width: 1024px) 100vw, 1024px\" \/><\/a><figcaption class=\"wp-element-caption\">Platz 2 &#8211; Helmut Lippert<\/figcaption><\/figure>\n\n\n\n<figure class=\"wp-block-image size-large\"><a href=\"https:\/\/www.fotofreunde-wertheim.de\/wp\/?attachment_id=4034\"><img loading=\"lazy\" decoding=\"async\" width=\"1024\" height=\"683\" data-id=\"4034\" src=\"https:\/\/www.fotofreunde-wertheim.de\/wp\/wp-content\/uploads\/2023\/07\/2023-q1f-2-schreck-1024x683.jpg\" alt=\"\" class=\"wp-image-4034\" srcset=\"https:\/\/www.fotofreunde-wertheim.de\/wp\/wp-content\/uploads\/2023\/07\/2023-q1f-2-schreck-1024x683.jpg 1024w, https:\/\/www.fotofreunde-wertheim.de\/wp\/wp-content\/uploads\/2023\/07\/2023-q1f-2-schreck-300x200.jpg 300w, https:\/\/www.fotofreunde-wertheim.de\/wp\/wp-content\/uploads\/2023\/07\/2023-q1f-2-schreck-768x512.jpg 768w, https:\/\/www.fotofreunde-wertheim.de\/wp\/wp-content\/uploads\/2023\/07\/2023-q1f-2-schreck-1536x1024.jpg 1536w, https:\/\/www.fotofreunde-wertheim.de\/wp\/wp-content\/uploads\/2023\/07\/2023-q1f-2-schreck-676x451.jpg 676w, https:\/\/www.fotofreunde-wertheim.de\/wp\/wp-content\/uploads\/2023\/07\/2023-q1f-2-schreck.jpg 1920w\" sizes=\"auto, (max-width: 1024px) 100vw, 1024px\" \/><\/a><figcaption class=\"wp-element-caption\">Platz 2 &#8211; J\u00fcrgen Schreck<\/figcaption><\/figure>\n\n\n\n<figure class=\"wp-block-image size-large\"><a href=\"https:\/\/www.fotofreunde-wertheim.de\/wp\/?attachment_id=4035\"><img loading=\"lazy\" decoding=\"async\" width=\"1024\" height=\"653\" data-id=\"4035\" src=\"https:\/\/www.fotofreunde-wertheim.de\/wp\/wp-content\/uploads\/2023\/07\/2023-q1f-3-heneka-1024x653.jpg\" alt=\"\" class=\"wp-image-4035\" srcset=\"https:\/\/www.fotofreunde-wertheim.de\/wp\/wp-content\/uploads\/2023\/07\/2023-q1f-3-heneka-1024x653.jpg 1024w, https:\/\/www.fotofreunde-wertheim.de\/wp\/wp-content\/uploads\/2023\/07\/2023-q1f-3-heneka-300x191.jpg 300w, https:\/\/www.fotofreunde-wertheim.de\/wp\/wp-content\/uploads\/2023\/07\/2023-q1f-3-heneka-768x490.jpg 768w, https:\/\/www.fotofreunde-wertheim.de\/wp\/wp-content\/uploads\/2023\/07\/2023-q1f-3-heneka-1536x979.jpg 1536w, https:\/\/www.fotofreunde-wertheim.de\/wp\/wp-content\/uploads\/2023\/07\/2023-q1f-3-heneka-2048x1306.jpg 2048w, https:\/\/www.fotofreunde-wertheim.de\/wp\/wp-content\/uploads\/2023\/07\/2023-q1f-3-heneka-676x431.jpg 676w\" sizes=\"auto, (max-width: 1024px) 100vw, 1024px\" \/><\/a><figcaption class=\"wp-element-caption\">Platz 3 &#8211; Hubertus Heneka<\/figcaption><\/figure>\n\n\n\n<figure class=\"wp-block-image size-large\"><a href=\"https:\/\/www.fotofreunde-wertheim.de\/wp\/?attachment_id=4036\"><img loading=\"lazy\" decoding=\"async\" width=\"1024\" height=\"680\" data-id=\"4036\" src=\"https:\/\/www.fotofreunde-wertheim.de\/wp\/wp-content\/uploads\/2023\/07\/2023-q1f-3-hoernig-1024x680.jpg\" alt=\"\" class=\"wp-image-4036\" srcset=\"https:\/\/www.fotofreunde-wertheim.de\/wp\/wp-content\/uploads\/2023\/07\/2023-q1f-3-hoernig-1024x680.jpg 1024w, https:\/\/www.fotofreunde-wertheim.de\/wp\/wp-content\/uploads\/2023\/07\/2023-q1f-3-hoernig-300x199.jpg 300w, https:\/\/www.fotofreunde-wertheim.de\/wp\/wp-content\/uploads\/2023\/07\/2023-q1f-3-hoernig-768x510.jpg 768w, https:\/\/www.fotofreunde-wertheim.de\/wp\/wp-content\/uploads\/2023\/07\/2023-q1f-3-hoernig-1536x1021.jpg 1536w, https:\/\/www.fotofreunde-wertheim.de\/wp\/wp-content\/uploads\/2023\/07\/2023-q1f-3-hoernig-2048x1361.jpg 2048w, https:\/\/www.fotofreunde-wertheim.de\/wp\/wp-content\/uploads\/2023\/07\/2023-q1f-3-hoernig-676x449.jpg 676w\" sizes=\"auto, (max-width: 1024px) 100vw, 1024px\" \/><\/a><figcaption class=\"wp-element-caption\">Platz 3 &#8211; Walter Hoernig<\/figcaption><\/figure>\n\n\n\n<figure class=\"wp-block-image size-large\"><a href=\"https:\/\/www.fotofreunde-wertheim.de\/wp\/?attachment_id=4037\"><img loading=\"lazy\" decoding=\"async\" width=\"1024\" height=\"699\" data-id=\"4037\" src=\"https:\/\/www.fotofreunde-wertheim.de\/wp\/wp-content\/uploads\/2023\/07\/2023-q1f-3-lippert-1024x699.jpg\" alt=\"\" class=\"wp-image-4037\" srcset=\"https:\/\/www.fotofreunde-wertheim.de\/wp\/wp-content\/uploads\/2023\/07\/2023-q1f-3-lippert-1024x699.jpg 1024w, https:\/\/www.fotofreunde-wertheim.de\/wp\/wp-content\/uploads\/2023\/07\/2023-q1f-3-lippert-300x205.jpg 300w, https:\/\/www.fotofreunde-wertheim.de\/wp\/wp-content\/uploads\/2023\/07\/2023-q1f-3-lippert-768x524.jpg 768w, https:\/\/www.fotofreunde-wertheim.de\/wp\/wp-content\/uploads\/2023\/07\/2023-q1f-3-lippert-1536x1048.jpg 1536w, https:\/\/www.fotofreunde-wertheim.de\/wp\/wp-content\/uploads\/2023\/07\/2023-q1f-3-lippert-2048x1398.jpg 2048w, https:\/\/www.fotofreunde-wertheim.de\/wp\/wp-content\/uploads\/2023\/07\/2023-q1f-3-lippert-676x461.jpg 676w\" sizes=\"auto, (max-width: 1024px) 100vw, 1024px\" \/><\/a><figcaption class=\"wp-element-caption\">Platz 3 &#8211; Helmut Lippert<\/figcaption><\/figure>\n\n\n\n<figure class=\"wp-block-image size-large\"><a href=\"https:\/\/www.fotofreunde-wertheim.de\/wp\/?attachment_id=4038\"><img loading=\"lazy\" decoding=\"async\" width=\"1024\" height=\"634\" data-id=\"4038\" src=\"https:\/\/www.fotofreunde-wertheim.de\/wp\/wp-content\/uploads\/2023\/07\/2023-q1f-3-schreck-1024x634.jpg\" alt=\"\" class=\"wp-image-4038\" srcset=\"https:\/\/www.fotofreunde-wertheim.de\/wp\/wp-content\/uploads\/2023\/07\/2023-q1f-3-schreck-1024x634.jpg 1024w, https:\/\/www.fotofreunde-wertheim.de\/wp\/wp-content\/uploads\/2023\/07\/2023-q1f-3-schreck-300x186.jpg 300w, https:\/\/www.fotofreunde-wertheim.de\/wp\/wp-content\/uploads\/2023\/07\/2023-q1f-3-schreck-768x476.jpg 768w, https:\/\/www.fotofreunde-wertheim.de\/wp\/wp-content\/uploads\/2023\/07\/2023-q1f-3-schreck-1536x951.jpg 1536w, https:\/\/www.fotofreunde-wertheim.de\/wp\/wp-content\/uploads\/2023\/07\/2023-q1f-3-schreck-676x419.jpg 676w, https:\/\/www.fotofreunde-wertheim.de\/wp\/wp-content\/uploads\/2023\/07\/2023-q1f-3-schreck.jpg 1920w\" sizes=\"auto, (max-width: 1024px) 100vw, 1024px\" \/><\/a><figcaption class=\"wp-element-caption\">Platz 3 &#8211; J\u00fcrgen Schreck<\/figcaption><\/figure>\n<\/figure>\n","protected":false},"excerpt":{"rendered":"<p>Vergessene Orte in den Fokus genommen F\u00fcr den ersten Clubwettbewerb in diesem Jahr begaben sich die Fotofreunde Wertheim an vergessene Orte, sogenannte Lost Places. Hierzu wurden 40 Aufnahmen eingereicht.Florian D\u00fcmig [&hellip;]<\/p>\n","protected":false},"author":1,"featured_media":0,"parent":1743,"menu_order":0,"comment_status":"closed","ping_status":"closed","template":"","meta":{"ngg_post_thumbnail":0,"footnotes":""},"class_list":["post-4024","page","type-page","status-publish","hentry","post-preview"],"post_mailing_queue_ids":[],"_links":{"self":[{"href":"https:\/\/www.fotofreunde-wertheim.de\/wp\/wp-json\/wp\/v2\/pages\/4024","targetHints":{"allow":["GET"]}}],"collection":[{"href":"https:\/\/www.fotofreunde-wertheim.de\/wp\/wp-json\/wp\/v2\/pages"}],"about":[{"href":"https:\/\/www.fotofreunde-wertheim.de\/wp\/wp-json\/wp\/v2\/types\/page"}],"author":[{"embeddable":true,"href":"https:\/\/www.fotofreunde-wertheim.de\/wp\/wp-json\/wp\/v2\/users\/1"}],"replies":[{"embeddable":true,"href":"https:\/\/www.fotofreunde-wertheim.de\/wp\/wp-json\/wp\/v2\/comments?post=4024"}],"version-history":[{"count":1,"href":"https:\/\/www.fotofreunde-wertheim.de\/wp\/wp-json\/wp\/v2\/pages\/4024\/revisions"}],"predecessor-version":[{"id":4250,"href":"https:\/\/www.fotofreunde-wertheim.de\/wp\/wp-json\/wp\/v2\/pages\/4024\/revisions\/4250"}],"up":[{"embeddable":true,"href":"https:\/\/www.fotofreunde-wertheim.de\/wp\/wp-json\/wp\/v2\/pages\/1743"}],"wp:attachment":[{"href":"https:\/\/www.fotofreunde-wertheim.de\/wp\/wp-json\/wp\/v2\/media?parent=4024"}],"curies":[{"name":"wp","href":"https:\/\/api.w.org\/{rel}","templated":true}]}}